{"id":1816,"date":"2025-12-19T12:39:57","date_gmt":"2025-12-19T12:39:57","guid":{"rendered":"https:\/\/flyershotel.com\/?post_type=product&#038;p=1816"},"modified":"2025-12-24T05:26:03","modified_gmt":"2025-12-24T05:26:03","slug":"gjafabref-gift-card","status":"publish","type":"product","link":"https:\/\/flyershotel.com\/is\/product\/gjafabref-gift-card\/","title":{"rendered":"Gjafabr\u00e9f &#8211; Gift Card"},"content":{"rendered":"<p><strong>Gef\u00f0u gj\u00f6f sem einfaldar fer\u00f0alagi\u00f0 &#8211; Travel with ease!\u00a0<\/strong><\/p>\n<p>Me\u00f0 \u00feessu gjafabr\u00e9fi n\u00fdtur vi\u00f0takandi gistingar \u00ed herbergi me\u00f0 s\u00e9r ba\u00f0herbergi \u00e1 Flyer Airport Hotel, auk \u00feess sem hugsa\u00f0 er fyrir \u00f6llu hinu. B\u00edlageymsla me\u00f0an \u00e1 fer\u00f0 stendur. Akstur til flugst\u00f6\u00f0var vi\u00f0 brottf\u00f6r. Akstur fr\u00e1 flugst\u00f6\u00f0 \u00feegar heim er komi\u00f0. Fullkomin gj\u00f6f fyrir fer\u00f0alanga sem kunna a\u00f0 meta \u00fe\u00e6gindi, einfaldleika og g\u00f3\u00f0a \u00fej\u00f3nustu. Handhafar b\u00f3ka fer\u00f0ina me\u00f0 \u00fev\u00ed a\u00f0 senda okkur t\u00f6lvup\u00f3st \u00e1 stay@flyershotel.com e\u00f0a hringja \u00ed s\u00edma +354 644-7080<\/p>","protected":false},"excerpt":{"rendered":"<p><strong>Gef\u00f0u gj\u00f6f sem einfaldar fer\u00f0alagi\u00f0 &#8211; Travel with ease!\u00a0<\/strong><\/p>\n<p>Me\u00f0 \u00feessu gjafabr\u00e9fi n\u00fdtur vi\u00f0takandi gistingar \u00ed herbergi me\u00f0 s\u00e9r ba\u00f0herbergi \u00e1 Flyer Airport Hotel, auk \u00feess sem hugsa\u00f0 er fyrir \u00f6llu hinu. B\u00edlageymsla me\u00f0an \u00e1 fer\u00f0 stendur. Akstur til flugst\u00f6\u00f0var vi\u00f0 brottf\u00f6r. Akstur fr\u00e1 flugst\u00f6\u00f0 \u00feegar heim er komi\u00f0. Fullkomin gj\u00f6f fyrir fer\u00f0alanga sem kunna a\u00f0 meta \u00fe\u00e6gindi, einfaldleika og g\u00f3\u00f0a \u00fej\u00f3nustu.<\/p>","protected":false},"featured_media":1889,"comment_status":"open","ping_status":"closed","template":"","meta":[],"product_brand":[],"product_cat":[85],"product_tag":[],"class_list":{"0":"post-1816","1":"product","2":"type-product","3":"status-publish","4":"has-post-thumbnail","6":"product_cat-all-gift-cards-products","8":"first","9":"instock","10":"purchasable","11":"product-type-simple"},"_links":{"self":[{"href":"https:\/\/flyershotel.com\/is\/wp-json\/wp\/v2\/product\/1816","targetHints":{"allow":["GET"]}}],"collection":[{"href":"https:\/\/flyershotel.com\/is\/wp-json\/wp\/v2\/product"}],"about":[{"href":"https:\/\/flyershotel.com\/is\/wp-json\/wp\/v2\/types\/product"}],"replies":[{"embeddable":true,"href":"https:\/\/flyershotel.com\/is\/wp-json\/wp\/v2\/comments?post=1816"}],"wp:featuredmedia":[{"embeddable":true,"href":"https:\/\/flyershotel.com\/is\/wp-json\/wp\/v2\/media\/1889"}],"wp:attachment":[{"href":"https:\/\/flyershotel.com\/is\/wp-json\/wp\/v2\/media?parent=1816"}],"wp:term":[{"taxonomy":"product_brand","embeddable":true,"href":"https:\/\/flyershotel.com\/is\/wp-json\/wp\/v2\/product_brand?post=1816"},{"taxonomy":"product_cat","embeddable":true,"href":"https:\/\/flyershotel.com\/is\/wp-json\/wp\/v2\/product_cat?post=1816"},{"taxonomy":"product_tag","embeddable":true,"href":"https:\/\/flyershotel.com\/is\/wp-json\/wp\/v2\/product_tag?post=1816"}],"curies":[{"name":"wp","href":"https:\/\/api.w.org\/{rel}","templated":true}]}}