{"id":431,"date":"2018-06-12T11:47:52","date_gmt":"2018-06-12T11:47:52","guid":{"rendered":"https:\/\/themes.getmotopress.com\/alpenhouse\/?page_id=431"},"modified":"2025-12-27T14:52:01","modified_gmt":"2025-12-27T14:52:01","slug":"terms-conditions","status":"publish","type":"page","link":"https:\/\/flyershotel.com\/is\/terms-conditions\/","title":{"rendered":"Terms &#038; Conditions"},"content":{"rendered":"\t\t<div data-elementor-type=\"wp-page\" data-elementor-id=\"431\" class=\"elementor elementor-431\" data-elementor-post-type=\"page\">\n\t\t\t\t<div class=\"elementor-element elementor-element-63517f2 e-flex e-con-boxed e-con e-parent\" data-id=\"63517f2\" data-element_type=\"container\" data-e-type=\"container\">\n\t\t\t\t\t<div class=\"e-con-inner\">\n\t\t\t\t<div class=\"elementor-element elementor-element-34d1a215 elementor-widget elementor-widget-text-editor\" data-id=\"34d1a215\" data-element_type=\"widget\" data-e-type=\"widget\" data-widget_type=\"text-editor.default\">\n\t\t\t\t\t\t\t\t\t<p style=\"text-align: center;\"><em>Flyers Hotel is owned and operated by Nexis. <\/em><br \/><em>Identification no: 540803-2420. VAT no: 156756.<\/em><\/p>\n<h1 style=\"text-align: center;\"><strong>Welcome to FlyersHotel.com\/Flyershotel.is.\u00a0<\/strong><\/h1>\n<p><strong>By accessing or using our website and services, you agree to be bound by the following terms and conditions. Please read them carefully.<\/strong><\/p>\n<p><!-- \/wp:paragraph --><!-- wp:separator --><\/p>\n<h2 class=\"wp-block-heading\" style=\"text-align: center;\">\u00a0Website and hotel Terms and Conditions<\/h2>\n<p><!-- \/wp:heading --><!-- wp:paragraph --><\/p>\n<p>By accessing this website or making a booking, you confirm that you have read, understood, and agreed to these Terms and Conditions, as well as our Privacy Policy.<\/p>\n<p><!-- \/wp:paragraph --><!-- wp:separator --><\/p>\n<h2 class=\"wp-block-heading\">Booking Terms<\/h2>\n<p><!-- \/wp:heading --><!-- wp:heading {\"level\":3} --><\/p>\n<h3 class=\"wp-block-heading\">&#8211; Accuracy of Information<\/h3>\n<p><!-- \/wp:heading --><!-- wp:paragraph --><\/p>\n<p>You are responsible for providing accurate and complete information when making a booking.<\/p>\n<p><!-- \/wp:paragraph --><!-- wp:heading {\"level\":3} --><\/p>\n<h3 class=\"wp-block-heading\">&#8211; Confirmation<\/h3>\n<p><!-- \/wp:heading --><!-- wp:paragraph --><\/p>\n<p>Bookings are considered confirmed only after full or partial payment is made and or a confirmation email is received.<\/p>\n<p><!-- \/wp:paragraph --><!-- wp:heading {\"level\":3} --><\/p>\n<h3 class=\"wp-block-heading\">&#8211; Changes and Cancellations<\/h3>\n<ul class=\"wp-block-list\">\n<li style=\"list-style-type: none;\">\n<ul class=\"wp-block-list\"><!-- \/wp:list-item --><!-- wp:list-item --><\/ul>\n<\/li>\n<\/ul>\n<ul class=\"wp-block-list\">\n<li style=\"list-style-type: none;\">\n<ul class=\"wp-block-list\">\n<li>Please read the specific terms of Flyers Hotel in detail below before booking.<\/li>\n<\/ul>\n<\/li>\n<\/ul>\n<p><!-- \/wp:list-item --><!-- wp:list-item --><!-- \/wp:list-item --><\/p>\n<p><!-- \/wp:list --><!-- wp:separator --><\/p>\n<h2 class=\"wp-block-heading\">Payments<\/h2>\n<p><!-- \/wp:heading --><!-- wp:paragraph --><\/p>\n<p>All payments are processed securely via trusted third-party payment gateways or by our hotel staff.\u00a0<\/p>\n<p><!-- \/wp:list --><!-- wp:separator --><\/p>\n<h2 class=\"wp-block-heading\">Intellectual Property<\/h2>\n<p><!-- \/wp:list --><!-- wp:heading {\"level\":3} --><!-- \/wp:paragraph --><!-- wp:separator --><!-- \/wp:heading --><!-- wp:paragraph --><\/p>\n<p>All content on FlyersHotel.com\/is, including text, images, logos, and design, is the property of FlyersHotel or its licensors. Reproduction or misuse of any content is strictly prohibited.<\/p>\n<p><!-- \/wp:paragraph --><!-- wp:separator --><\/p>\n<hr class=\"wp-block-separator has-alpha-channel-opacity\" \/>\n<p><!-- \/wp:separator --><!-- wp:heading --><\/p>\n<h2 class=\"wp-block-heading\">Limitation of Liability<\/h2>\n<p><!-- \/wp:heading --><!-- wp:paragraph --><\/p>\n<p>FlyersHotel.com is not liable for:<\/p>\n<p><!-- \/wp:paragraph --><!-- wp:list --><\/p>\n<ul class=\"wp-block-list\">\n<li style=\"list-style-type: none;\">\n<ul class=\"wp-block-list\"><!-- wp:list-item --><\/ul>\n<\/li>\n<\/ul>\n<ul class=\"wp-block-list\">\n<li style=\"list-style-type: none;\">\n<ul class=\"wp-block-list\">\n<li>Any loss or damage caused by using the website.<\/li>\n<\/ul>\n<\/li>\n<\/ul>\n<p><!-- \/wp:list-item --><!-- wp:list-item --><\/p>\n<ul class=\"wp-block-list\">\n<li style=\"list-style-type: none;\">\n<ul class=\"wp-block-list\">\n<li>Booking issues caused by incorrect information from hotel partners or guests.<\/li>\n<\/ul>\n<\/li>\n<\/ul>\n<p><!-- \/wp:list-item --><!-- wp:list-item --><\/p>\n<ul class=\"wp-block-list\">\n<li style=\"list-style-type: none;\">\n<ul class=\"wp-block-list\">\n<li>Third-party service failures (e.g., payment gateway issues)<\/li>\n<\/ul>\n<\/li>\n<\/ul>\n<p><!-- \/wp:list-item --><\/p>\n<p><!-- \/wp:list --><!-- wp:separator --><\/p>\n<hr class=\"wp-block-separator has-alpha-channel-opacity\" \/>\n<p><!-- \/wp:separator --><!-- wp:heading --><\/p>\n<h2 class=\"wp-block-heading\">User Conduct<\/h2>\n<p><!-- \/wp:heading --><!-- wp:paragraph --><\/p>\n<p>You agree not to:<\/p>\n<p><!-- \/wp:paragraph --><!-- wp:list --><\/p>\n<ul class=\"wp-block-list\">\n<li style=\"list-style-type: none;\">\n<ul class=\"wp-block-list\"><!-- wp:list-item --><\/ul>\n<\/li>\n<\/ul>\n<ul class=\"wp-block-list\">\n<li style=\"list-style-type: none;\">\n<ul class=\"wp-block-list\">\n<li>Use the website for unlawful activities<\/li>\n<\/ul>\n<\/li>\n<\/ul>\n<p><!-- \/wp:list-item --><!-- wp:list-item --><\/p>\n<ul class=\"wp-block-list\">\n<li style=\"list-style-type: none;\">\n<ul class=\"wp-block-list\">\n<li>Attempt to hack, damage, or overload the system<\/li>\n<\/ul>\n<\/li>\n<\/ul>\n<p><!-- \/wp:list-item --><!-- wp:list-item --><\/p>\n<ul class=\"wp-block-list\">\n<li style=\"list-style-type: none;\">\n<ul class=\"wp-block-list\">\n<li>Post false reviews or use fake information<\/li>\n<\/ul>\n<\/li>\n<\/ul>\n<p><!-- \/wp:list-item --><\/p>\n<p><!-- \/wp:list --><!-- wp:separator --><\/p>\n<h2 class=\"wp-block-heading\">Third-Party Links<\/h2>\n<p><!-- \/wp:heading --><!-- wp:paragraph --><\/p>\n<p>We may link to third-party websites. We are not responsible for their content, availability, or services.<\/p>\n<p><!-- \/wp:paragraph --><!-- wp:separator --><\/p>\n<hr class=\"wp-block-separator has-alpha-channel-opacity\" \/>\n<p><!-- \/wp:separator --><!-- wp:heading --><!-- \/wp:paragraph --><!-- wp:separator --><\/p>\n<h2 style=\"font-weight: 400; text-align: center;\"><strong>Flyers Hotel \u2013 Tearms and conditions (Icelandic below)<\/strong><\/h2>\n<ul>\n<li>Note that sales tax (VAT, 11%) is included in all prices along with city tax for each stray, per night, and is subject to change.<\/li>\n<li>Hight speed Wi-Fi access is included for all guests.<\/li>\n<li>Parking is included on first come-first serve bases.<\/li>\n<li>Transfer to KEF Airport is not included in the room rate.<\/li>\n<li>Valid credit card number is required to guarantee all reservations. Group reservations are subject to a 25% deposit at the time of their booking to confirm reservation.<\/li>\n<li>Cancellation policy does not apply to non-refundable bookings.<\/li>\n<li>Payment\/cancellation deadline is <strong>48 hours<\/strong> for individual bookings and do not apply to none-refundable price on third party booking sites. cancellation deadline is <strong>30 days<\/strong> for groups with 3 room bookings or more. If cancelled after that time the total amount will be charged, the same applies for guests that do not show up unless specifically arranged otherwise with staff for a later booking.<\/li>\n<li>Changes to reservations can be made but are subject to availability at Flyers Hotel. Different rates may apply on different dates and all changes must be made before the cancellation deadline.<\/li>\n<li>Check-out time is at 11:00 am. Delayed check-out is subject to availability and can be requested and may be subject to an extra fee. Check-in time is after 15:00 am.<\/li>\n<li>Baby cribs are available for free when requested at booking and are subject to availability.<\/li>\n<li>Guests that stay in Family rooms can request extra travel beads, subject to availability and fees when booking Family rooms at Flyers Hotel.<\/li>\n<li>Luggage service and luggage storage is not available at Flyers Hotel.<\/li>\n<li>Basic information such as names for groups must be delivered no later than 14 days prior to arrival. If sufficient information has not been delivered within the time frame, we reserve the right to cancel rooms for un-named persons without further notice.<\/li>\n<li>Our common areas are only for registered guests enjoying their stay.<\/li>\n<li>Grab-and GO food and bevareges can both be enjoyed at seating areas or in rooms. We request that guests remove litter from common areas after their stay.<\/li>\n<li>Flyers hotel is not responsible for any damage caused by guests, missed flights, bookings, lost items or any incidents connected to weather conditions or other <strong>force majeure.\u00a0<\/strong><\/li>\n<li>Guests can use the Flyers Hotel laundry room facility upon request and at their own risk. Use of laundry room is subject to a first-come, fyrst serve bases. Laundry room fees may apply.<\/li>\n<li>All guests are expected to be mindfull of others to ensure a pleasant experience for everyone. Guests are kindly requested to keep public areas clean and free of personal belongings and to keep noise to a minimum, particularly during quiet hours. Any behavior that disrupts the comfort or safety of others may require intervention by hotel staff. Staff at Flyers Hotel reserve the right to to take appropriate action such as canceling reservations, charging individuals for damages or ask guests to vacate the premises immediately if they are found to violate these rules and regulations. Unwilling guests maybe removed by local authorities.\u00a0<\/li>\n<li>We reserve the right to change terms and conditions as well as prices at any time without further notice. Confirmed rates and terms will not be change.<\/li>\n<\/ul>\n<h3><strong>Governing law and \u00a0Jurisdiction.<\/strong>\u00a0<\/h3>\n<p><strong>These Terms and Conditions are in accordance with Icelandic law. Should a dispute arise regarding the above terms, the matter shall be brought before the District Court of Reykjanes.<\/strong><\/p>\n<h3>Contact us:\u00a0<\/h3>\n<p>For any questions or concerns about these Terms, contact:<\/p>\n<p><!-- \/wp:paragraph --><!-- wp:paragraph --><\/p>\n<p><strong>FlyersHotel.com<\/strong><br \/>Email: [<a>stay@flyershotel.com<\/a>]<br \/>Website: <a class=\"\" href=\"https:\/\/flyershotel.com\">https:\/\/flyershotel.com &#8211; <\/a>https:\/\/Flyershotel.is<\/p>\n<hr \/>\n<h3 style=\"font-weight: 400; text-align: center;\"><strong>Flyers Hotel \u2013 Skilm\u00e1lar og skilyr\u00f0i<\/strong><\/h3>\n<ul>\n<li>Athugi\u00f0 a\u00f0 vir\u00f0isaukaskattur (VSK, 11%) er innifalinn \u00ed \u00f6llum ver\u00f0um \u00e1samt gistin\u00e1ttaskatti, sem mi\u00f0ast vi\u00f0 hvern gest hverja n\u00f3tt. Gj\u00f6ld geta breyst \u00e1n fyrirvara.<\/li>\n<li>Hra\u00f0virkt Wi-Fi er innifali\u00f0 fyrir alla gesti.<\/li>\n<li>B\u00edlast\u00e6\u00f0i eru innifalin \u00ed gistingu en takm\u00f6rku\u00f0 og \u00fev\u00ed \u00fathluta\u00f0 eftir reglum um \u201efyrstur kemur \u2013 fyrstur f\u00e6r\u201c.<\/li>\n<li>Keyrsla til Keflav\u00edkurflugvallar er ekki innifalinn \u00ed ver\u00f0i gistingar.\u00a0<\/li>\n<li>Gild kreditkortan\u00famer eru skilyr\u00f0i fyrir \u00f6llum b\u00f3kunum. H\u00f3pab\u00f3kanir (5 herbergi e\u00f0a fleiri) krefjast 25% fyrirframgrei\u00f0slu vi\u00f0 b\u00f3kun og sta\u00f0festingu.<\/li>\n<li>Afp\u00f6ntunarskilm\u00e1lar gilda ekki um \u00f3endurgrei\u00f0anlegar b\u00f3kanir. Fyrir einstaklingsb\u00f3kanir er afb\u00f3kunarfrestur <strong>48 klst. <\/strong>Fyrir h\u00f3pb\u00f3kanir (3 herbergi e\u00f0a fleiri) er fresturinn <strong>30 dagar.<\/strong><strong>\u2028 <\/strong>Ef afp\u00f6ntun berst eftir \u00feann t\u00edma e\u00f0a gestir m\u00e6ta ekki, ver\u00f0ur fullt ver\u00f0 b\u00f3kunarinnar rukka\u00f0, nema anna\u00f0 hafi veri\u00f0 s\u00e9rstaklega sami\u00f0 um vi\u00f0 starfsf\u00f3lk h\u00f3telsins.<\/li>\n<li>H\u00e6gt er a\u00f0 breyta b\u00f3kunum en \u00fe\u00e6r breytingar eru h\u00e1\u00f0ar frambo\u00f0i hj\u00e1 Flyers Hotel.<\/li>\n<li>Mismunandi ver\u00f0 geta \u00e1tt vi\u00f0 eftir dagsetningum. Allar breytingar \u00e1 b\u00f3kunum \u00feurfa a\u00f0 berast fyrir afbokunarfrest.<\/li>\n<li>Brottf\u00f6r \u00far herbrergjum er fyrir kl.11:00. \u00d3sk um seinka\u00f0a brottf\u00f6r er h\u00e1\u00f0 frambo\u00f0i og getur veri\u00f0 h\u00e1\u00f0 aukagjaldi. Innritunart\u00edmi er eftir kl.15:00.<\/li>\n<li>Barnar\u00fam eru \u00ed bo\u00f0i endurgjaldslaust ef \u00feau eru p\u00f6ntu\u00f0 vi\u00f0 b\u00f3kun en eru h\u00e1\u00f0 frambo\u00f0i hverju sinni.<\/li>\n<li>Gestir \u00ed fj\u00f6lskylduherbergjum geta \u00f3ska\u00f0 eftir auka fer\u00f0ar\u00fammi en er h\u00e1\u00f0 frambo\u00f0i hverju sinni.<\/li>\n<li>Farangursgeymsla e\u00f0a farangurs\u00fej\u00f3nusta er ekki \u00ed bo\u00f0i hj\u00e1 Flyers Hotel.<\/li>\n<li>Fyrir h\u00f3pa \u00fearf a\u00f0 senda inn grunnuppl\u00fdsingar, svo sem n\u00f6fn gesta, eigi s\u00ed\u00f0ar en 14 d\u00f6gum fyrir komu. Ef uppl\u00fdsingar berast ekki innan tilskilins frests \u00e1skiljum vi\u00f0 okkur r\u00e9tt til a\u00f0 fella ni\u00f0ur b\u00f3ku\u00f0 herbergi fyrir \u00fe\u00e1 gesti \u00e1n frekari fyrirvara.<\/li>\n<li>Sameiginleg sv\u00e6\u00f0i eru eing\u00f6ngu \u00e6tlu\u00f0 skr\u00e1\u00f0um gestum.<\/li>\n<li>Grab-and-Go mat og drykki m\u00e1 neyta b\u00e6\u00f0i \u00e1 sameiginlegum sv\u00e6\u00f0um og \u00ed herbergjum. Vi\u00f0 bi\u00f0jum gesti a\u00f0 ganga fr\u00e1 rusli eftir sig vi\u00f0 notkun \u00e1 sameiginlegum r\u00fdmum.<\/li>\n<li>Flyers Hotel ber ekki \u00e1byrg\u00f0 \u00e1 tj\u00f3ni sem gestir valda, breytingum \u00e1 flug\u00e1\u00e6tlunum, b\u00f3kunum, t\u00fdndum hlutum e\u00f0a atvikum sem rekja m\u00e1 til ve\u00f0urs e\u00f0a \u00f3vi\u00f0r\u00e1\u00f0anlegra a\u00f0st\u00e6\u00f0na (force majeure).<\/li>\n<li>Gestir geta nota\u00f0 \u00fevottaa\u00f0st\u00f6\u00f0u h\u00f3telsins \u00e1 eigin \u00e1byrg\u00f0 me\u00f0 leyfi fr\u00e1 starfsf\u00f3lki. A\u00f0gangur er veittur samkv\u00e6mt \u201efyrstur kemur \u2013 fyrstur f\u00e6r\u201c reglum og notkunargj\u00f6ld kunna a\u00f0 eiga vi\u00f0.<\/li>\n<li>Vi\u00f0 gerum kr\u00f6fu um a\u00f0 allir gestir s\u00fdni tillitssemi og vir\u00f0ingu gagnvart \u00f6\u00f0rum til a\u00f0 tryggja \u00e1n\u00e6gjulega dv\u00f6l allra gesta. Gestir eru vinsamlegast be\u00f0nir um a\u00f0 halda sameiginlegum sv\u00e6\u00f0um snyrtilegum og lausum vi\u00f0 pers\u00f3nulega muni, og l\u00e1gmarka h\u00e1va\u00f0a, s\u00e9rstaklega eftir myrkur og snemma \u00e1 morgnanna.<\/li>\n<li>Hvert \u00fea\u00f0 ath\u00e6fi sem r\u00fdrir \u00fe\u00e6gindi e\u00f0a \u00f6ryggi annarra gesta getur kalla\u00f0 \u00e1 inngrip starfsf\u00f3lks. Flyers Hotel \u00e1skilur s\u00e9r r\u00e9tt til a\u00f0 gr\u00edpa til vi\u00f0eigandi r\u00e1\u00f0stafana, svo sem a\u00f0 fella ni\u00f0ur b\u00f3kanir, rukka fyrir skemmdir e\u00f0a v\u00edsa gestum tafarlaust \u00fat ef \u00feeir brj\u00f3ta reglur h\u00f3telsins. S\u00fdni gestir ekki samvinnu kann a\u00f0 koma til \u00feess a\u00f0 l\u00f6gregluyfirv\u00f6ldum ver\u00f0i k\u00f6llu\u00f0 til.<\/li>\n<li>Vi\u00f0 \u00e1skiljum okkur r\u00e9tt til a\u00f0 breyta skilm\u00e1lum og ver\u00f0i hven\u00e6r sem er \u00e1n fyrirvara. Sta\u00f0fest ver\u00f0 og skilm\u00e1lar vi\u00f0 b\u00f3kun ver\u00f0ur ekki breytt.<\/li>\n<\/ul>\n<h3><strong>Vi\u00f0 fylgjum \u00edslenskum l\u00f6gum og reglum. <\/strong><\/h3>\n<p><strong>R\u00edsi \u00e1greiningur vegna ofangreindra skilm\u00e1la skal m\u00e1li\u00f0 reki\u00f0 fyrir H\u00e9ra\u00f0sd\u00f3mi Reykjaness.\u00a0<\/strong><\/p>\n<p><!-- \/wp:heading --><!-- wp:paragraph --><!-- \/wp:paragraph --><!-- wp:separator --><\/p>\n<hr class=\"wp-block-separator has-alpha-channel-opacity\" \/>\n<p><!-- \/wp:separator --><!-- wp:heading --><\/p>\n<h2 class=\"wp-block-heading\">Haf\u00f0u samband:\u00a0<\/h2>\n<p><!-- \/wp:heading --><!-- wp:paragraph --><\/p>\n<p>Ef \u00fe\u00fa hefur einhverjar spurningar, endilega sendu okkur l\u00ednu:<\/p>\n<p><!-- \/wp:paragraph --><!-- wp:paragraph --><\/p>\n<p><strong>FlyersHotel.com<\/strong><br \/>Email: <a>stay@flyershotel.com<\/a><br \/>Website: <a class=\"\" href=\"https:\/\/flyershotel.com\">https:\/\/flyershotel.com &#8211; <\/a><a href=\"https:\/\/Flyershotel.is\">https:\/\/Flyershotel.is<\/a><\/p>\n<p><!-- \/wp:paragraph --><\/p>\t\t\t\t\t\t\t\t<\/div>\n\t\t\t\t\t<\/div>\n\t\t\t\t<\/div>\n\t\t\t\t<\/div>\n\t\t","protected":false},"excerpt":{"rendered":"<p>Flyers Hotel is owned and operated by Nexis. Identification no: 540803-2420. VAT no: 156756. Welcome to FlyersHotel.com\/Flyershotel.is.\u00a0 By accessing or using our website and services, you agree to be bound by the following terms and conditions. Please read them carefully. \u00a0Website and hotel Terms and Conditions By accessing this website or making a booking, you [&hellip;]<\/p>\n","protected":false},"author":1,"featured_media":0,"parent":0,"menu_order":0,"comment_status":"closed","ping_status":"closed","template":"template-boxed.php","meta":{"footnotes":""},"class_list":["post-431","page","type-page","status-publish","hentry"],"_links":{"self":[{"href":"https:\/\/flyershotel.com\/is\/wp-json\/wp\/v2\/pages\/431","targetHints":{"allow":["GET"]}}],"collection":[{"href":"https:\/\/flyershotel.com\/is\/wp-json\/wp\/v2\/pages"}],"about":[{"href":"https:\/\/flyershotel.com\/is\/wp-json\/wp\/v2\/types\/page"}],"author":[{"embeddable":true,"href":"https:\/\/flyershotel.com\/is\/wp-json\/wp\/v2\/users\/1"}],"replies":[{"embeddable":true,"href":"https:\/\/flyershotel.com\/is\/wp-json\/wp\/v2\/comments?post=431"}],"version-history":[{"count":23,"href":"https:\/\/flyershotel.com\/is\/wp-json\/wp\/v2\/pages\/431\/revisions"}],"predecessor-version":[{"id":1922,"href":"https:\/\/flyershotel.com\/is\/wp-json\/wp\/v2\/pages\/431\/revisions\/1922"}],"wp:attachment":[{"href":"https:\/\/flyershotel.com\/is\/wp-json\/wp\/v2\/media?parent=431"}],"curies":[{"name":"wp","href":"https:\/\/api.w.org\/{rel}","templated":true}]}}